{"id":2,"date":"2025-08-15T12:54:05","date_gmt":"2025-08-15T12:54:05","guid":{"rendered":"https:\/\/skinathrif.is\/?page_id=2"},"modified":"2025-10-17T18:28:07","modified_gmt":"2025-10-17T18:28:07","slug":"sample-page","status":"publish","type":"page","link":"https:\/\/skinathrif.is\/?page_id=2","title":{"rendered":"Um okkur."},"content":{"rendered":"\n<p>Sk\u00edna \u00derif er r\u00f3tgr\u00f3i\u00f0 fj\u00f6ldskyldufyrirt\u00e6ki sem s\u00e9rh\u00e6fir sig \u00ed B\u00f3ni og almennu r\u00e6stingum, eing\u00f6ngu er faglegt starfsf\u00f3lk um a\u00f0 r\u00e6\u00f0a, sem hafa b\u00e6\u00f0i reynslu og \u00feekkingu \u00e1 \u00ferifum og B\u00f3ni, vi\u00f0 leggjum \u00e1herslu a\u00f0 nota umhverfisv\u00e6n efni og taka til eftir okkur.<\/p>\n\n\n\n<p>B\u00f3nleysingar &#8211; g\u00f3lfb\u00f3n og b\u00f3nsl\u00edpun<\/p>\n\n\n\n<p>Flutnings-, n\u00fdbygginga- og heimilis\u00ferif<\/p>\n\n\n\n<p>Dagleg \u00ferif \u00e1 fyrirt\u00e6kjum og stofnunum<\/p>\n","protected":false},"excerpt":{"rendered":"<p>Sk\u00edna \u00derif er r\u00f3tgr\u00f3i\u00f0 fj\u00f6ldskyldufyrirt\u00e6ki sem s\u00e9rh\u00e6fir sig \u00ed B\u00f3ni og almennu r\u00e6stingum, eing\u00f6ngu er faglegt starfsf\u00f3lk um a\u00f0 r\u00e6\u00f0a, sem hafa b\u00e6\u00f0i reynslu og \u00feekkingu \u00e1 \u00ferifum og B\u00f3ni, vi\u00f0 leggjum \u00e1herslu a\u00f0 nota umhverfisv\u00e6n efni og taka til eftir okkur. B\u00f3nleysingar &#8211; g\u00f3lfb\u00f3n og b\u00f3nsl\u00edpun Flutnings-, n\u00fdbygginga- og heimilis\u00ferif Dagleg \u00ferif \u00e1 fyrirt\u00e6kjum [&hellip;]<\/p>\n","protected":false},"author":1,"featured_media":0,"parent":0,"menu_order":0,"comment_status":"closed","ping_status":"open","template":"","meta":{"footnotes":""},"class_list":["post-2","page","type-page","status-publish","hentry"],"_links":{"self":[{"href":"https:\/\/skinathrif.is\/index.php?rest_route=\/wp\/v2\/pages\/2","targetHints":{"allow":["GET"]}}],"collection":[{"href":"https:\/\/skinathrif.is\/index.php?rest_route=\/wp\/v2\/pages"}],"about":[{"href":"https:\/\/skinathrif.is\/index.php?rest_route=\/wp\/v2\/types\/page"}],"author":[{"embeddable":true,"href":"https:\/\/skinathrif.is\/index.php?rest_route=\/wp\/v2\/users\/1"}],"replies":[{"embeddable":true,"href":"https:\/\/skinathrif.is\/index.php?rest_route=%2Fwp%2Fv2%2Fcomments&post=2"}],"version-history":[{"count":4,"href":"https:\/\/skinathrif.is\/index.php?rest_route=\/wp\/v2\/pages\/2\/revisions"}],"predecessor-version":[{"id":200,"href":"https:\/\/skinathrif.is\/index.php?rest_route=\/wp\/v2\/pages\/2\/revisions\/200"}],"wp:attachment":[{"href":"https:\/\/skinathrif.is\/index.php?rest_route=%2Fwp%2Fv2%2Fmedia&parent=2"}],"curies":[{"name":"wp","href":"https:\/\/api.w.org\/{rel}","templated":true}]}}